{"id":14,"date":"2025-12-06T13:58:45","date_gmt":"2025-12-06T13:58:45","guid":{"rendered":"https:\/\/forebyggende.dk\/?page_id=14"},"modified":"2025-12-14T16:58:49","modified_gmt":"2025-12-14T16:58:49","slug":"arkitektur","status":"publish","type":"page","link":"https:\/\/forebyggende.dk\/?page_id=14","title":{"rendered":"Arkitekt p\u00e5 Fyn"},"content":{"rendered":"\n<h1 class=\"wp-block-heading\"><\/h1>\n\n\n\n<p>Tomas Engelbrechtsen har haft selvst\u00e6ndig virksomhed siden 2016. Har yderligere ca. 10 \u00e5rs erfaring i kommunens ejendomsafdeling, hvor han udover den l\u00f8bende vedligeholdelse af de kommunale bygninger ogs\u00e5 stod for design og opf\u00f8relse af nye bygninger samt om- og tilbygninger.<\/p>\n\n\n\n<p>Der tages imod alle arkitektopgaver. Ny- om- eller tilbygninger. Der l\u00e6gges v\u00e6gt p\u00e5 gode praktiske planl\u00f8sninger, hvor man f\u00e5r s\u00e5 meget som muligt ud af den givne situation. <\/p>\n\n\n\n<p>Enkelte inspirationskilder: Organisk arkitektur, naturen, spirituel arkitektur.<\/p>\n\n\n\n<p>Derudover samarbejdes der med Aster Schepel, l\u00e6ge indenfor sundhed og forebyggelse. Is\u00e6r har vi r\u00e5dgivet meget indenfor byggeri for mennesker med demens (se under fanen &#8220;F\u00e6lles Projekter&#8221;). <\/p>\n\n\n\n<p><\/p>\n","protected":false},"excerpt":{"rendered":"<p>Tomas Engelbrechtsen har haft selvst\u00e6ndig virksomhed siden 2016. Har yderligere ca. 10 \u00e5rs erfaring i kommunens ejendomsafdeling, hvor han udover den l\u00f8bende vedligeholdelse af de kommunale bygninger ogs\u00e5 stod for design og opf\u00f8relse af nye bygninger samt om- og tilbygninger. Der tages imod alle arkitektopgaver. Ny- om- eller tilbygninger. Der l\u00e6gges v\u00e6gt p\u00e5 gode praktiske [&hellip;]<\/p>\n","protected":false},"author":1,"featured_media":0,"parent":0,"menu_order":0,"comment_status":"closed","ping_status":"closed","template":"","meta":{"footnotes":""},"class_list":["post-14","page","type-page","status-publish","hentry"],"_links":{"self":[{"href":"https:\/\/forebyggende.dk\/index.php?rest_route=\/wp\/v2\/pages\/14","targetHints":{"allow":["GET"]}}],"collection":[{"href":"https:\/\/forebyggende.dk\/index.php?rest_route=\/wp\/v2\/pages"}],"about":[{"href":"https:\/\/forebyggende.dk\/index.php?rest_route=\/wp\/v2\/types\/page"}],"author":[{"embeddable":true,"href":"https:\/\/forebyggende.dk\/index.php?rest_route=\/wp\/v2\/users\/1"}],"replies":[{"embeddable":true,"href":"https:\/\/forebyggende.dk\/index.php?rest_route=%2Fwp%2Fv2%2Fcomments&post=14"}],"version-history":[{"count":8,"href":"https:\/\/forebyggende.dk\/index.php?rest_route=\/wp\/v2\/pages\/14\/revisions"}],"predecessor-version":[{"id":45,"href":"https:\/\/forebyggende.dk\/index.php?rest_route=\/wp\/v2\/pages\/14\/revisions\/45"}],"wp:attachment":[{"href":"https:\/\/forebyggende.dk\/index.php?rest_route=%2Fwp%2Fv2%2Fmedia&parent=14"}],"curies":[{"name":"wp","href":"https:\/\/api.w.org\/{rel}","templated":true}]}}